{"id":4087,"date":"2022-03-25T11:31:20","date_gmt":"2022-03-25T10:31:20","guid":{"rendered":"https:\/\/www.cargo-brokers.com\/?page_id=4087"},"modified":"2022-05-23T11:43:43","modified_gmt":"2022-05-23T09:43:43","slug":"taric","status":"publish","type":"page","link":"https:\/\/cargobrokers.ak-hosting.de\/en\/glossary\/taric\/","title":{"rendered":"TARIC"},"content":{"rendered":"\t\t<div data-elementor-type=\"wp-page\" data-elementor-id=\"4087\" class=\"elementor elementor-4087\" data-elementor-post-type=\"page\">\n\t\t\t\t\t\t<section class=\"elementor-section elementor-top-section elementor-element elementor-element-39dd24fe dg_header elementor-section-boxed elementor-section-height-default elementor-section-height-default\" data-id=\"39dd24fe\" data-element_type=\"section\" data-settings=\"{&quot;background_background&quot;:&quot;classic&quot;}\">\n\t\t\t\t\t\t<div class=\"elementor-container elementor-column-gap-default\">\n\t\t\t\t\t<div class=\"elementor-column elementor-col-100 elementor-top-column elementor-element elementor-element-72576ecc dh_header_headline\" data-id=\"72576ecc\" data-element_type=\"column\" data-settings=\"{&quot;background_background&quot;:&quot;classic&quot;}\">\n\t\t\t<div class=\"elementor-widget-wrap elementor-element-populated\">\n\t\t\t\t\t\t<div class=\"elementor-element elementor-element-12aa0053 elementor-widget elementor-widget-heading\" data-id=\"12aa0053\" data-element_type=\"widget\" data-widget_type=\"heading.default\">\n\t\t\t\t<div class=\"elementor-widget-container\">\n\t\t\t<p class=\"elementor-heading-title elementor-size-default\">glossary<\/p>\t\t<\/div>\n\t\t\t\t<\/div>\n\t\t\t\t\t<\/div>\n\t\t<\/div>\n\t\t\t\t\t<\/div>\n\t\t<\/section>\n\t\t\t\t<section class=\"elementor-section elementor-top-section elementor-element elementor-element-1b693f5 dg_container elementor-section-boxed elementor-section-height-default elementor-section-height-default\" data-id=\"1b693f5\" data-element_type=\"section\">\n\t\t\t\t\t\t<div class=\"elementor-container elementor-column-gap-default\">\n\t\t\t\t\t<div class=\"elementor-column elementor-col-100 elementor-top-column elementor-element elementor-element-eacd17e\" data-id=\"eacd17e\" data-element_type=\"column\" data-settings=\"{&quot;background_background&quot;:&quot;classic&quot;}\">\n\t\t\t<div class=\"elementor-widget-wrap elementor-element-populated\">\n\t\t\t\t\t\t<div class=\"elementor-element elementor-element-23bb10d elementor-widget elementor-widget-text-editor\" data-id=\"23bb10d\" data-element_type=\"widget\" data-widget_type=\"text-editor.default\">\n\t\t\t\t<div class=\"elementor-widget-container\">\n\t\t\t\t\t\t\t<p><a href=\"https:\/\/cargobrokers.ak-hosting.de\/en\/?page_id=3971\">Back<\/a><\/p>\t\t\t\t\t\t<\/div>\n\t\t\t\t<\/div>\n\t\t\t\t<div class=\"elementor-element elementor-element-ca64ec1 elementor-widget elementor-widget-spacer\" data-id=\"ca64ec1\" data-element_type=\"widget\" data-widget_type=\"spacer.default\">\n\t\t\t\t<div class=\"elementor-widget-container\">\n\t\t\t\t\t<div class=\"elementor-spacer\">\n\t\t\t<div class=\"elementor-spacer-inner\"><\/div>\n\t\t<\/div>\n\t\t\t\t<\/div>\n\t\t\t\t<\/div>\n\t\t\t\t<section class=\"elementor-section elementor-inner-section elementor-element elementor-element-46e7002 elementor-section-boxed elementor-section-height-default elementor-section-height-default\" data-id=\"46e7002\" data-element_type=\"section\">\n\t\t\t\t\t\t<div class=\"elementor-container elementor-column-gap-default\">\n\t\t\t\t\t<div class=\"elementor-column elementor-col-50 elementor-inner-column elementor-element elementor-element-4abeaa0\" data-id=\"4abeaa0\" data-element_type=\"column\">\n\t\t\t<div class=\"elementor-widget-wrap elementor-element-populated\">\n\t\t\t\t\t\t<div class=\"elementor-element elementor-element-665fa5c elementor-widget elementor-widget-heading\" data-id=\"665fa5c\" data-element_type=\"widget\" data-widget_type=\"heading.default\">\n\t\t\t\t<div class=\"elementor-widget-container\">\n\t\t\t<h1 class=\"elementor-heading-title elementor-size-default\">TARIC<\/h1>\t\t<\/div>\n\t\t\t\t<\/div>\n\t\t\t\t\t<\/div>\n\t\t<\/div>\n\t\t\t\t<div class=\"elementor-column elementor-col-50 elementor-inner-column elementor-element elementor-element-454dac9\" data-id=\"454dac9\" data-element_type=\"column\">\n\t\t\t<div class=\"elementor-widget-wrap elementor-element-populated\">\n\t\t\t\t\t\t<div class=\"elementor-element elementor-element-82e080f elementor-widget elementor-widget-text-editor\" data-id=\"82e080f\" data-element_type=\"widget\" data-widget_type=\"text-editor.default\">\n\t\t\t\t<div class=\"elementor-widget-container\">\n\t\t\t\t\t\t\t<p>TARIC is the name of the uniform customs tariff of the European Union and an electronic customs tariff database set up for this purpose. The abbreviation stands for \u201c <strong><em>Tarif Int\u00e9gr\u00e9 des Communaut\u00e9s Europ\u00e9ennes<\/em><\/strong> \u201d \u2013 Integrated Tariff of the European Communities.<\/p><p>Within the framework of TARIC, customs duties are defined and trade policy measures are determined. TARIC is based on customs tariff numbers based on the so-called Harmonized System and the Combined Nomenclature. The latter is a ten-digit number that includes the first eight digits of the customs tariff number and two additional digits for EU customs policy measures.<\/p><p>The TARIC database contains all EU measures related to EU tariffs, as well as the European Union&#8217;s trade and agricultural policies. The database is intended to ensure the greatest possible transparency of all EU regulations to be observed when exporting and importing and to support uniform application. It is also used for statistical purposes.<\/p><p>The TARIC database provides, among other things, up-to-date:<\/p><ul><li>all EU tariff measures (duty rates, tariff preferences, tariff quotas, etc.);<\/li><li>agricultural policy measures;<\/li><li>trade policy measures (anti-dumping and countervailing duties);<\/li><li>Export and Import Prohibitions or Restrictions<\/li><\/ul><p>The TARIC database also includes the goods nomenclature, additional codes and other EU codes that are relevant in connection with import and export transactions relevant to customs law. In this sense, it can be used as an information system to determine the EU regulations and duties to be observed before the actual customs clearance. The information relates only to EU-wide measures, but not to national measures. The database is publicly accessible and available free of charge.<\/p><p>As an alternative, German users can use the national information system EZT-online (EZT = Electronic Customs Tariff). <a href=\"https:\/\/auskunft.ezt-online.de\/ezto\/Modus.do#ziel\" target=\"_blank\" rel=\"noopener\">https:\/\/auskunft.ezt-online.de\/ezto\/Modus.do#ziel<\/a><\/p><p>The German import sales tax rates, excise duties as well as prohibitions and restrictions are also taken into account here. For this purpose, an eleven-digit code is used, which extends the TARIC code with an additional code to identify national measures.<\/p>\t\t\t\t\t\t<\/div>\n\t\t\t\t<\/div>\n\t\t\t\t\t<\/div>\n\t\t<\/div>\n\t\t\t\t\t<\/div>\n\t\t<\/section>\n\t\t\t\t<div class=\"elementor-element elementor-element-43891b0 elementor-widget elementor-widget-spacer\" data-id=\"43891b0\" data-element_type=\"widget\" data-widget_type=\"spacer.default\">\n\t\t\t\t<div class=\"elementor-widget-container\">\n\t\t\t\t\t<div class=\"elementor-spacer\">\n\t\t\t<div class=\"elementor-spacer-inner\"><\/div>\n\t\t<\/div>\n\t\t\t\t<\/div>\n\t\t\t\t<\/div>\n\t\t\t\t\t<\/div>\n\t\t<\/div>\n\t\t\t\t\t<\/div>\n\t\t<\/section>\n\t\t\t\t<\/div>\n\t\t","protected":false},"excerpt":{"rendered":"<p>glossary Back TARIC TARIC is the name of the uniform customs tariff of the European Union and an electronic customs tariff database set up for this purpose. The abbreviation stands for \u201c Tarif Int\u00e9gr\u00e9 des Communaut\u00e9s Europ\u00e9ennes \u201d \u2013 Integrated Tariff of the European Communities. Within the framework of TARIC, customs duties are defined and [&hellip;]<\/p>\n","protected":false},"author":5,"featured_media":0,"parent":3971,"menu_order":0,"comment_status":"closed","ping_status":"closed","template":"elementor_header_footer","meta":{"_acf_changed":false,"footnotes":""},"class_list":["post-4087","page","type-page","status-publish","hentry"],"acf":[],"yoast_head":"<!-- This site is optimized with the Yoast SEO plugin v24.0 - https:\/\/yoast.com\/wordpress\/plugins\/seo\/ -->\n<title>TARIC - Cargo-Brokers<\/title>\n<meta name=\"robots\" content=\"index, follow, max-snippet:-1, max-image-preview:large, max-video-preview:-1\" \/>\n<link rel=\"canonical\" href=\"https:\/\/cargobrokers.ak-hosting.de\/en\/glossary\/taric\/\" \/>\n<meta property=\"og:locale\" content=\"en_US\" \/>\n<meta property=\"og:type\" content=\"article\" \/>\n<meta property=\"og:title\" content=\"TARIC - Cargo-Brokers\" \/>\n<meta property=\"og:description\" content=\"glossary Back TARIC TARIC is the name of the uniform customs tariff of the European Union and an electronic customs tariff database set up for this purpose. The abbreviation stands for \u201c Tarif Int\u00e9gr\u00e9 des Communaut\u00e9s Europ\u00e9ennes \u201d \u2013 Integrated Tariff of the European Communities. Within the framework of TARIC, customs duties are defined and [&hellip;]\" \/>\n<meta property=\"og:url\" content=\"https:\/\/cargobrokers.ak-hosting.de\/en\/glossary\/taric\/\" \/>\n<meta property=\"og:site_name\" content=\"Cargo-Brokers\" \/>\n<meta property=\"article:modified_time\" content=\"2022-05-23T09:43:43+00:00\" \/>\n<meta name=\"twitter:card\" content=\"summary_large_image\" \/>\n<meta name=\"twitter:label1\" content=\"Est. reading time\" \/>\n\t<meta name=\"twitter:data1\" content=\"2 minutes\" \/>\n<script type=\"application\/ld+json\" class=\"yoast-schema-graph\">{\"@context\":\"https:\/\/schema.org\",\"@graph\":[{\"@type\":\"WebPage\",\"@id\":\"https:\/\/cargobrokers.ak-hosting.de\/en\/glossary\/taric\/\",\"url\":\"https:\/\/cargobrokers.ak-hosting.de\/en\/glossary\/taric\/\",\"name\":\"TARIC - Cargo-Brokers\",\"isPartOf\":{\"@id\":\"https:\/\/cargobrokers.ak-hosting.de\/#website\"},\"datePublished\":\"2022-03-25T10:31:20+00:00\",\"dateModified\":\"2022-05-23T09:43:43+00:00\",\"breadcrumb\":{\"@id\":\"https:\/\/cargobrokers.ak-hosting.de\/en\/glossary\/taric\/#breadcrumb\"},\"inLanguage\":\"en-US\",\"potentialAction\":[{\"@type\":\"ReadAction\",\"target\":[\"https:\/\/cargobrokers.ak-hosting.de\/en\/glossary\/taric\/\"]}]},{\"@type\":\"BreadcrumbList\",\"@id\":\"https:\/\/cargobrokers.ak-hosting.de\/en\/glossary\/taric\/#breadcrumb\",\"itemListElement\":[{\"@type\":\"ListItem\",\"position\":1,\"name\":\"Startseite\",\"item\":\"https:\/\/cargobrokers.ak-hosting.de\/en\/cargo-brokers\/\"},{\"@type\":\"ListItem\",\"position\":2,\"name\":\"Glossary\",\"item\":\"https:\/\/cargobrokers.ak-hosting.de\/en\/glossary\/\"},{\"@type\":\"ListItem\",\"position\":3,\"name\":\"TARIC\"}]},{\"@type\":\"WebSite\",\"@id\":\"https:\/\/cargobrokers.ak-hosting.de\/#website\",\"url\":\"https:\/\/cargobrokers.ak-hosting.de\/\",\"name\":\"Cargo-Brokers\",\"description\":\"Living in a Cargo World!\",\"publisher\":{\"@id\":\"https:\/\/cargobrokers.ak-hosting.de\/#organization\"},\"potentialAction\":[{\"@type\":\"SearchAction\",\"target\":{\"@type\":\"EntryPoint\",\"urlTemplate\":\"https:\/\/cargobrokers.ak-hosting.de\/?s={search_term_string}\"},\"query-input\":{\"@type\":\"PropertyValueSpecification\",\"valueRequired\":true,\"valueName\":\"search_term_string\"}}],\"inLanguage\":\"en-US\"},{\"@type\":\"Organization\",\"@id\":\"https:\/\/cargobrokers.ak-hosting.de\/#organization\",\"name\":\"Cargo-Brokers\",\"url\":\"https:\/\/cargobrokers.ak-hosting.de\/\",\"logo\":{\"@type\":\"ImageObject\",\"inLanguage\":\"en-US\",\"@id\":\"https:\/\/cargobrokers.ak-hosting.de\/#\/schema\/logo\/image\/\",\"url\":\"https:\/\/cargobrokers.ak-hosting.de\/wp-content\/uploads\/2021\/12\/cargo-brokers-logo-1.jpg\",\"contentUrl\":\"https:\/\/cargobrokers.ak-hosting.de\/wp-content\/uploads\/2021\/12\/cargo-brokers-logo-1.jpg\",\"width\":500,\"height\":144,\"caption\":\"Cargo-Brokers\"},\"image\":{\"@id\":\"https:\/\/cargobrokers.ak-hosting.de\/#\/schema\/logo\/image\/\"}}]}<\/script>\n<!-- \/ Yoast SEO plugin. -->","yoast_head_json":{"title":"TARIC - Cargo-Brokers","robots":{"index":"index","follow":"follow","max-snippet":"max-snippet:-1","max-image-preview":"max-image-preview:large","max-video-preview":"max-video-preview:-1"},"canonical":"https:\/\/cargobrokers.ak-hosting.de\/en\/glossary\/taric\/","og_locale":"en_US","og_type":"article","og_title":"TARIC - Cargo-Brokers","og_description":"glossary Back TARIC TARIC is the name of the uniform customs tariff of the European Union and an electronic customs tariff database set up for this purpose. The abbreviation stands for \u201c Tarif Int\u00e9gr\u00e9 des Communaut\u00e9s Europ\u00e9ennes \u201d \u2013 Integrated Tariff of the European Communities. Within the framework of TARIC, customs duties are defined and [&hellip;]","og_url":"https:\/\/cargobrokers.ak-hosting.de\/en\/glossary\/taric\/","og_site_name":"Cargo-Brokers","article_modified_time":"2022-05-23T09:43:43+00:00","twitter_card":"summary_large_image","twitter_misc":{"Est. reading time":"2 minutes"},"schema":{"@context":"https:\/\/schema.org","@graph":[{"@type":"WebPage","@id":"https:\/\/cargobrokers.ak-hosting.de\/en\/glossary\/taric\/","url":"https:\/\/cargobrokers.ak-hosting.de\/en\/glossary\/taric\/","name":"TARIC - Cargo-Brokers","isPartOf":{"@id":"https:\/\/cargobrokers.ak-hosting.de\/#website"},"datePublished":"2022-03-25T10:31:20+00:00","dateModified":"2022-05-23T09:43:43+00:00","breadcrumb":{"@id":"https:\/\/cargobrokers.ak-hosting.de\/en\/glossary\/taric\/#breadcrumb"},"inLanguage":"en-US","potentialAction":[{"@type":"ReadAction","target":["https:\/\/cargobrokers.ak-hosting.de\/en\/glossary\/taric\/"]}]},{"@type":"BreadcrumbList","@id":"https:\/\/cargobrokers.ak-hosting.de\/en\/glossary\/taric\/#breadcrumb","itemListElement":[{"@type":"ListItem","position":1,"name":"Startseite","item":"https:\/\/cargobrokers.ak-hosting.de\/en\/cargo-brokers\/"},{"@type":"ListItem","position":2,"name":"Glossary","item":"https:\/\/cargobrokers.ak-hosting.de\/en\/glossary\/"},{"@type":"ListItem","position":3,"name":"TARIC"}]},{"@type":"WebSite","@id":"https:\/\/cargobrokers.ak-hosting.de\/#website","url":"https:\/\/cargobrokers.ak-hosting.de\/","name":"Cargo-Brokers","description":"Living in a Cargo World!","publisher":{"@id":"https:\/\/cargobrokers.ak-hosting.de\/#organization"},"potentialAction":[{"@type":"SearchAction","target":{"@type":"EntryPoint","urlTemplate":"https:\/\/cargobrokers.ak-hosting.de\/?s={search_term_string}"},"query-input":{"@type":"PropertyValueSpecification","valueRequired":true,"valueName":"search_term_string"}}],"inLanguage":"en-US"},{"@type":"Organization","@id":"https:\/\/cargobrokers.ak-hosting.de\/#organization","name":"Cargo-Brokers","url":"https:\/\/cargobrokers.ak-hosting.de\/","logo":{"@type":"ImageObject","inLanguage":"en-US","@id":"https:\/\/cargobrokers.ak-hosting.de\/#\/schema\/logo\/image\/","url":"https:\/\/cargobrokers.ak-hosting.de\/wp-content\/uploads\/2021\/12\/cargo-brokers-logo-1.jpg","contentUrl":"https:\/\/cargobrokers.ak-hosting.de\/wp-content\/uploads\/2021\/12\/cargo-brokers-logo-1.jpg","width":500,"height":144,"caption":"Cargo-Brokers"},"image":{"@id":"https:\/\/cargobrokers.ak-hosting.de\/#\/schema\/logo\/image\/"}}]}},"_links":{"self":[{"href":"https:\/\/cargobrokers.ak-hosting.de\/en\/wp-json\/wp\/v2\/pages\/4087","targetHints":{"allow":["GET"]}}],"collection":[{"href":"https:\/\/cargobrokers.ak-hosting.de\/en\/wp-json\/wp\/v2\/pages"}],"about":[{"href":"https:\/\/cargobrokers.ak-hosting.de\/en\/wp-json\/wp\/v2\/types\/page"}],"author":[{"embeddable":true,"href":"https:\/\/cargobrokers.ak-hosting.de\/en\/wp-json\/wp\/v2\/users\/5"}],"replies":[{"embeddable":true,"href":"https:\/\/cargobrokers.ak-hosting.de\/en\/wp-json\/wp\/v2\/comments?post=4087"}],"version-history":[{"count":2,"href":"https:\/\/cargobrokers.ak-hosting.de\/en\/wp-json\/wp\/v2\/pages\/4087\/revisions"}],"predecessor-version":[{"id":4093,"href":"https:\/\/cargobrokers.ak-hosting.de\/en\/wp-json\/wp\/v2\/pages\/4087\/revisions\/4093"}],"up":[{"embeddable":true,"href":"https:\/\/cargobrokers.ak-hosting.de\/en\/wp-json\/wp\/v2\/pages\/3971"}],"wp:attachment":[{"href":"https:\/\/cargobrokers.ak-hosting.de\/en\/wp-json\/wp\/v2\/media?parent=4087"}],"curies":[{"name":"wp","href":"https:\/\/api.w.org\/{rel}","templated":true}]}}